{"id":35,"date":"2025-03-09T12:18:51","date_gmt":"2025-03-09T12:18:51","guid":{"rendered":"https:\/\/psycholog-logopeda.com\/?page_id=35"},"modified":"2026-02-19T11:11:30","modified_gmt":"2026-02-19T11:11:30","slug":"jak-wyglada-terapia","status":"publish","type":"page","link":"https:\/\/psycholog-logopeda.com\/index.php\/jak-wyglada-terapia\/","title":{"rendered":"Wi\u0119cej na temat wsparcia psychologicznego"},"content":{"rendered":"\n<figure class=\"wp-block-gallery has-nested-images columns-default is-cropped wp-block-gallery-1 is-layout-flex wp-block-gallery-is-layout-flex\">\n<figure class=\"wp-block-image size-large\"><img loading=\"lazy\" decoding=\"async\" width=\"1024\" height=\"576\" data-id=\"141\" src=\"https:\/\/psycholog-logopeda.com\/wp-content\/uploads\/2025\/03\/Spotkanie-on-line-2-1024x576.png\" alt=\"\" class=\"wp-image-141\" srcset=\"https:\/\/psycholog-logopeda.com\/wp-content\/uploads\/2025\/03\/Spotkanie-on-line-2-1024x576.png 1024w, https:\/\/psycholog-logopeda.com\/wp-content\/uploads\/2025\/03\/Spotkanie-on-line-2-300x169.png 300w, https:\/\/psycholog-logopeda.com\/wp-content\/uploads\/2025\/03\/Spotkanie-on-line-2-768x432.png 768w, https:\/\/psycholog-logopeda.com\/wp-content\/uploads\/2025\/03\/Spotkanie-on-line-2-1536x864.png 1536w, https:\/\/psycholog-logopeda.com\/wp-content\/uploads\/2025\/03\/Spotkanie-on-line-2-2048x1152.png 2048w\" sizes=\"auto, (max-width: 706px) 89vw, (max-width: 767px) 82vw, 740px\" \/><\/figure>\n\n\n\n<figure class=\"wp-block-image size-full\"><img loading=\"lazy\" decoding=\"async\" width=\"2240\" height=\"1260\" data-id=\"143\" src=\"https:\/\/psycholog-logopeda.com\/wp-content\/uploads\/2025\/03\/Spotkanie-on-line-3.png\" alt=\"\" class=\"wp-image-143\" srcset=\"https:\/\/psycholog-logopeda.com\/wp-content\/uploads\/2025\/03\/Spotkanie-on-line-3.png 2240w, https:\/\/psycholog-logopeda.com\/wp-content\/uploads\/2025\/03\/Spotkanie-on-line-3-300x169.png 300w, https:\/\/psycholog-logopeda.com\/wp-content\/uploads\/2025\/03\/Spotkanie-on-line-3-1024x576.png 1024w, https:\/\/psycholog-logopeda.com\/wp-content\/uploads\/2025\/03\/Spotkanie-on-line-3-768x432.png 768w, https:\/\/psycholog-logopeda.com\/wp-content\/uploads\/2025\/03\/Spotkanie-on-line-3-1536x864.png 1536w, https:\/\/psycholog-logopeda.com\/wp-content\/uploads\/2025\/03\/Spotkanie-on-line-3-2048x1152.png 2048w\" sizes=\"auto, (max-width: 706px) 89vw, (max-width: 767px) 82vw, 740px\" \/><\/figure>\n<\/figure>\n\n\n\n<p>Oferowane us\u0142ugi obejmuj\u0105 udzielanie pomocy psychologicznej w formie konsultacji, interwencji kryzysowej oraz spotka\u0144 o charakterze terapeutycznym, a tak\u017ce diagnozy funkcjonalnej (w zale\u017cno\u015bci od potrzeb i oczekiwa\u0144). Tajemnica zawodowa obliguje psychologa do zachowania poufno\u015bci informacji dotycz\u0105cych bezpo\u015brednio klienta (tak\u017ce osoby niepe\u0142noletniej). Wyj\u0105tkiem jest sytuacja, w kt\u00f3rej stwierdza si\u0119 zagro\u017cenie dla \u017cycia lub zdrowia lub gdy inne przepisy prawa stanowi\u0105 o tym, \u017ce nale\u017cy poinformowa\u0107 odpowiednie organy.<\/p>\n\n\n\n<p>Wsparcie psychologiczne dla m\u0142odszych dzieci, w zale\u017cno\u015bci od potrzeb, mo\u017ce opiera\u0107 si\u0119 na spotkaniach indywidualnych z dzieckiem w gabinecie i\/lub konsultacjach z rodzicami (dost\u0119pna r\u00f3wnie\u017c forma on-line). Mo\u017cliwo\u015b\u0107 korzystania z us\u0142ug przez dzieci i m\u0142odzie\u017c wymaga wyra\u017cenia pisemnej zgody opiekun\u00f3w prawnych. <\/p>\n\n\n\n<p>W przypadku m\u0142odzie\u017cy, preferowane s\u0105 g\u0142\u00f3wnie spotkania indywidualne, kt\u00f3re mog\u0105 by\u0107 wspierane konsultacjami rodzic plus dziecko. W przypadku os\u00f3b, kt\u00f3re uko\u0144czy\u0142y 16 rok \u017cycia, obowi\u0105zuje tzw. &#8222;podw\u00f3jna zgoda&#8221; (zar\u00f3wno rodzica, jak i dziecka). M\u0142odzie\u017c mo\u017ce odbywa\u0107 spotkania z psychologiem zar\u00f3wno w gabinecie jak i w formie on-line.<\/p>\n\n\n\n<p>Pierwsze wizyty u psychologa maj\u0105 charakter konsultacji, kt\u00f3rych celem jest okre\u015blenie trudno\u015bci i potrzeb klienta. Kolejne skupiaj\u0105 si\u0119 na kolejnych krokach przybli\u017caj\u0105cych klienta do celu. Szczeg\u00f3lnie w kontakcie z dzie\u0107mi, psycholog korzysta z metod uatrakcyjniaj\u0105cych prac\u0119 z dzieckiem i dostosowanych do ich wieku (np. gry, zabawy, kolorowanki, pacynki, karty pracy). Podczas spotkania psycholog mo\u017ce sporz\u0105dza\u0107 notatki, kt\u00f3re s\u0105 elementem prowadzonej dokumentacji psychologicznej, kt\u00f3ra to w ca\u0142o\u015bci pozostaje jedynie do jego wgl\u0105du.<\/p>\n\n\n\n<p>W celu um\u00f3wienia si\u0119 na konsultacj\u0119 prosz\u0119 o kontakt telefoniczny lub mailowy. Us\u0142ugi psychologiczne s\u0105 p\u0142atne zgodnie z podanym cennikiem. Czas trwania wizyty to 60 minut w przypadku pierwszej konsultacji i 50 minut w przypadku ka\u017cdej kolejnej. Sp\u00f3\u017anienie klienta na konsultacj\u0119 nie powoduje jej przesuni\u0119cia w czasie, ani nie obni\u017ca op\u0142aty za spotkanie. Op\u0142aty dokonuje si\u0119 got\u00f3wk\u0105 w gabinecie w dniu spotkania. Je\u015bli z jakich\u015b przyczyn konsultacja nie mo\u017ce si\u0119 odby\u0107, prosz\u0119 o jej odwo\u0142anie najp\u00f3\u017aniej do godziny 10:00 w dniu wizyty drog\u0105 telefoniczn\u0105 lub mailow\u0105.<\/p>\n\n\n\n<p><\/p>\n\n\n\n<figure class=\"wp-block-gallery has-nested-images columns-default is-cropped wp-block-gallery-2 is-layout-flex wp-block-gallery-is-layout-flex\">\n<figure class=\"wp-block-image size-large\"><img loading=\"lazy\" decoding=\"async\" width=\"1024\" height=\"512\" data-id=\"177\" src=\"https:\/\/psycholog-logopeda.com\/wp-content\/uploads\/2025\/03\/Jesli-cos-dziala-rob-tego-wiecej-Jesli-cos-nie-dziala-zrob-cos-innego-Jesli-cos-sie-nie-zepsulo-nie-naprawiaj-2-2-1024x512.png\" alt=\"\" class=\"wp-image-177\" srcset=\"https:\/\/psycholog-logopeda.com\/wp-content\/uploads\/2025\/03\/Jesli-cos-dziala-rob-tego-wiecej-Jesli-cos-nie-dziala-zrob-cos-innego-Jesli-cos-sie-nie-zepsulo-nie-naprawiaj-2-2-1024x512.png 1024w, https:\/\/psycholog-logopeda.com\/wp-content\/uploads\/2025\/03\/Jesli-cos-dziala-rob-tego-wiecej-Jesli-cos-nie-dziala-zrob-cos-innego-Jesli-cos-sie-nie-zepsulo-nie-naprawiaj-2-2-300x150.png 300w, https:\/\/psycholog-logopeda.com\/wp-content\/uploads\/2025\/03\/Jesli-cos-dziala-rob-tego-wiecej-Jesli-cos-nie-dziala-zrob-cos-innego-Jesli-cos-sie-nie-zepsulo-nie-naprawiaj-2-2-768x384.png 768w, https:\/\/psycholog-logopeda.com\/wp-content\/uploads\/2025\/03\/Jesli-cos-dziala-rob-tego-wiecej-Jesli-cos-nie-dziala-zrob-cos-innego-Jesli-cos-sie-nie-zepsulo-nie-naprawiaj-2-2-1536x768.png 1536w, https:\/\/psycholog-logopeda.com\/wp-content\/uploads\/2025\/03\/Jesli-cos-dziala-rob-tego-wiecej-Jesli-cos-nie-dziala-zrob-cos-innego-Jesli-cos-sie-nie-zepsulo-nie-naprawiaj-2-2-2048x1024.png 2048w\" sizes=\"auto, (max-width: 706px) 89vw, (max-width: 767px) 82vw, 740px\" \/><\/figure>\n<\/figure>\n\n\n\n<p class=\"has-small-font-size\">Przetwarzanie danych osobowych: <br>&#8211; Administratorem danych osobowych klienta jest psycholog Beata Adamczyk.<br>&#8211; Celem przetwarzania danych jest przeprowadzenie konsultacji psychologicznych, spotka\u0144 indywidualnych o charakterze terapeutycznym oraz komunikacja.<br>&#8211; Dane osobowe klienta przechowywane s\u0105 przez okres 5 lat, lub do momentu odwo\u0142ania zgody.<br>&#8211; Klient ma prawo do \u017c\u0105dania od administratora dost\u0119pu do danych osobowych, prawo do ich sprostowania, usuni\u0119cia lub ograniczenia przetwarzania, prawo do wniesienia sprzeciwu wobec przetwarzania, prawo do przenoszenia danych, prawo do cofni\u0119cia zgody w dowolnym momencie.<br>&#8211; dane osobowe klienta nie b\u0119d\u0105 przekazywane innym podmiotom w celach handlowych.<\/p>\n\n\n\n<p><\/p>\n","protected":false},"excerpt":{"rendered":"<p>Oferowane us\u0142ugi obejmuj\u0105 udzielanie pomocy psychologicznej w formie konsultacji, interwencji kryzysowej oraz spotka\u0144 o charakterze terapeutycznym, a tak\u017ce diagnozy funkcjonalnej (w zale\u017cno\u015bci od potrzeb i oczekiwa\u0144). Tajemnica zawodowa obliguje psychologa do zachowania poufno\u015bci informacji dotycz\u0105cych bezpo\u015brednio klienta (tak\u017ce osoby niepe\u0142noletniej). Wyj\u0105tkiem jest sytuacja, w kt\u00f3rej stwierdza si\u0119 zagro\u017cenie dla \u017cycia lub zdrowia lub gdy inne &hellip; <\/p>\n<p class=\"link-more\"><a href=\"https:\/\/psycholog-logopeda.com\/index.php\/jak-wyglada-terapia\/\" class=\"more-link\">Czytaj dalej<span class=\"screen-reader-text\"> \u201eWi\u0119cej na temat wsparcia psychologicznego\u201d<\/span><\/a><\/p>\n","protected":false},"author":1,"featured_media":0,"parent":0,"menu_order":0,"comment_status":"closed","ping_status":"closed","template":"","meta":{"footnotes":""},"class_list":["post-35","page","type-page","status-publish","hentry"],"_links":{"self":[{"href":"https:\/\/psycholog-logopeda.com\/index.php\/wp-json\/wp\/v2\/pages\/35","targetHints":{"allow":["GET"]}}],"collection":[{"href":"https:\/\/psycholog-logopeda.com\/index.php\/wp-json\/wp\/v2\/pages"}],"about":[{"href":"https:\/\/psycholog-logopeda.com\/index.php\/wp-json\/wp\/v2\/types\/page"}],"author":[{"embeddable":true,"href":"https:\/\/psycholog-logopeda.com\/index.php\/wp-json\/wp\/v2\/users\/1"}],"replies":[{"embeddable":true,"href":"https:\/\/psycholog-logopeda.com\/index.php\/wp-json\/wp\/v2\/comments?post=35"}],"version-history":[{"count":11,"href":"https:\/\/psycholog-logopeda.com\/index.php\/wp-json\/wp\/v2\/pages\/35\/revisions"}],"predecessor-version":[{"id":272,"href":"https:\/\/psycholog-logopeda.com\/index.php\/wp-json\/wp\/v2\/pages\/35\/revisions\/272"}],"wp:attachment":[{"href":"https:\/\/psycholog-logopeda.com\/index.php\/wp-json\/wp\/v2\/media?parent=35"}],"curies":[{"name":"wp","href":"https:\/\/api.w.org\/{rel}","templated":true}]}}