{"id":149,"date":"2025-03-24T08:19:31","date_gmt":"2025-03-24T08:19:31","guid":{"rendered":"https:\/\/psycholog-logopeda.com\/?page_id=149"},"modified":"2025-05-23T11:55:09","modified_gmt":"2025-05-23T11:55:09","slug":"wiecej-o-terapii-reki-2","status":"publish","type":"page","link":"https:\/\/psycholog-logopeda.com\/index.php\/wiecej-o-terapii-reki-2\/","title":{"rendered":"Wi\u0119cej o terapii r\u0119ki"},"content":{"rendered":"\n<p>Oferowane us\u0142ugi obejmuj\u0105 diagnoz\u0119 i terapi\u0119 r\u0119ki. Pierwsza wizyta u terapeuty r\u0119ki jest zazwyczaj konsultacj\u0105 z rodzicem dziecka obejmuj\u0105c\u0105 przede wszystkim wst\u0119pne ustalenie trudno\u015bci, z kt\u00f3rymi zmaga si\u0119 dziecko, a tak\u017ce diagnoz\u0119 dziecka w zakresie terapii r\u0119ki. Kolejne spotkania prowadzone s\u0105 z dzieckiem w gabinecie i polegaj\u0105 na realizacji postawionych wcze\u015bniej cel\u00f3w terapeutycznych. Terapeuta korzysta z metod uatrakcyjniaj\u0105cych prac\u0119 z dzieckiem i dostosowanych do ich wieku (np. gry, zabawy, inne aktywno\u015bci). Na koniec ka\u017cdego spotkania rodzicowi przekazywana jest informacja o przeprowadzanych dzia\u0142aniach, post\u0119pach terapii oraz ewentualnych koniecznych konsultacjach z innymi specjalistami (np. fizjoterapeuta, osteopata). Rodzice co tydzie\u0144 dostaj\u0105 od terapeuty list\u0119 zada\u0144 do wykonania wraz z dzieckiem. Zdj\u0119cia wsp\u00f3lnych \u0107wicze\u0144 i aktywno\u015bci wysy\u0142ane s\u0105 przez rodzic\u00f3w do terapeuty drog\u0105 mailow\u0105 raz w tygodniu. <\/p>\n\n\n\n<p>Mo\u017cliwo\u015b\u0107 korzystania z us\u0142ug przez dzieci i m\u0142odzie\u017c wymaga wyra\u017cenia pisemnej zgody opiekun\u00f3w prawnych.&nbsp;W przypadku os\u00f3b, kt\u00f3re uko\u0144czy\u0142y 16 rok \u017cycia, obowi\u0105zuje tzw. \u201epodw\u00f3jna zgoda\u201d (zar\u00f3wno rodzica, jak i dziecka).<\/p>\n\n\n\n<p>W celu um\u00f3wienia si\u0119 na konsultacj\u0119 prosz\u0119 o kontakt telefoniczny lub mailowy. Us\u0142ugi terapii r\u0119ki s\u0105 p\u0142atne zgodnie z podanym cennikiem. Czas trwania wizyty konsultacyjno &#8211; diagnostycznej to 60 minut, a terapii r\u0119ki &#8211; 45 minut. Sp\u00f3\u017anienie klienta na spotkanie nie powoduje jego przesuni\u0119cia w czasie, ani nie obni\u017ca za nie op\u0142aty. Op\u0142aty dokonuje si\u0119 got\u00f3wk\u0105 w gabinecie w dniu spotkania. Je\u015bli z jakich\u015b przyczyn wizyta nie mo\u017ce si\u0119 odby\u0107, prosz\u0119 o jej odwo\u0142anie najp\u00f3\u017aniej do godziny 10:00 w dniu spotkania drog\u0105 telefoniczn\u0105 lub mailow\u0105.<\/p>\n\n\n\n<p class=\"has-small-font-size\">Przetwarzanie danych osobowych:\u00a0<br>\u2013 Administratorem danych osobowych klienta jest psycholog, logopeda Beata Adamczyk.<br>\u2013 Celem przetwarzania danych jest przeprowadzenie konsultacji, spotka\u0144 indywidualnych o charakterze terapeutycznym oraz komunikacja.<br>\u2013 Dane osobowe klienta przechowywane s\u0105 przez okres 5 lat, lub do momentu odwo\u0142ania zgody.<br>\u2013 Klient ma prawo do \u017c\u0105dania od administratora dost\u0119pu do danych osobowych, prawo do ich sprostowania, usuni\u0119cia lub ograniczenia przetwarzania, prawo do wniesienia sprzeciwu wobec przetwarzania, prawo do przenoszenia danych, prawo do cofni\u0119cia zgody w dowolnym momencie.<br>\u2013 dane osobowe klienta nie b\u0119d\u0105 przekazywane innym podmiotom w celach handlowych.<\/p>\n","protected":false},"excerpt":{"rendered":"<p>Oferowane us\u0142ugi obejmuj\u0105 diagnoz\u0119 i terapi\u0119 r\u0119ki. Pierwsza wizyta u terapeuty r\u0119ki jest zazwyczaj konsultacj\u0105 z rodzicem dziecka obejmuj\u0105c\u0105 przede wszystkim wst\u0119pne ustalenie trudno\u015bci, z kt\u00f3rymi zmaga si\u0119 dziecko, a tak\u017ce diagnoz\u0119 dziecka w zakresie terapii r\u0119ki. Kolejne spotkania prowadzone s\u0105 z dzieckiem w gabinecie i polegaj\u0105 na realizacji postawionych wcze\u015bniej cel\u00f3w terapeutycznych. Terapeuta korzysta &hellip; <\/p>\n<p class=\"link-more\"><a href=\"https:\/\/psycholog-logopeda.com\/index.php\/wiecej-o-terapii-reki-2\/\" class=\"more-link\">Czytaj dalej<span class=\"screen-reader-text\"> \u201eWi\u0119cej o terapii r\u0119ki\u201d<\/span><\/a><\/p>\n","protected":false},"author":1,"featured_media":0,"parent":0,"menu_order":0,"comment_status":"closed","ping_status":"closed","template":"","meta":{"footnotes":""},"class_list":["post-149","page","type-page","status-publish","hentry"],"_links":{"self":[{"href":"https:\/\/psycholog-logopeda.com\/index.php\/wp-json\/wp\/v2\/pages\/149","targetHints":{"allow":["GET"]}}],"collection":[{"href":"https:\/\/psycholog-logopeda.com\/index.php\/wp-json\/wp\/v2\/pages"}],"about":[{"href":"https:\/\/psycholog-logopeda.com\/index.php\/wp-json\/wp\/v2\/types\/page"}],"author":[{"embeddable":true,"href":"https:\/\/psycholog-logopeda.com\/index.php\/wp-json\/wp\/v2\/users\/1"}],"replies":[{"embeddable":true,"href":"https:\/\/psycholog-logopeda.com\/index.php\/wp-json\/wp\/v2\/comments?post=149"}],"version-history":[{"count":6,"href":"https:\/\/psycholog-logopeda.com\/index.php\/wp-json\/wp\/v2\/pages\/149\/revisions"}],"predecessor-version":[{"id":247,"href":"https:\/\/psycholog-logopeda.com\/index.php\/wp-json\/wp\/v2\/pages\/149\/revisions\/247"}],"wp:attachment":[{"href":"https:\/\/psycholog-logopeda.com\/index.php\/wp-json\/wp\/v2\/media?parent=149"}],"curies":[{"name":"wp","href":"https:\/\/api.w.org\/{rel}","templated":true}]}}